{"id":1134,"date":"2018-03-02T11:58:36","date_gmt":"2018-03-02T11:58:36","guid":{"rendered":"https:\/\/galley.lt\/galley-promo\/vilkyskiu-pienine\/"},"modified":"2018-08-29T12:28:26","modified_gmt":"2018-08-29T12:28:26","slug":"vilkyskiu-pienine","status":"publish","type":"page","link":"https:\/\/galley.lt\/en\/galley-promo\/vilkyskiu-pienine\/","title":{"rendered":"VILKY\u0160KI\u0172 PIENIN\u0116"},"content":{"rendered":"<p><strong>\u201c<\/strong><strong>Vilky\u0161ki\u0173 pienin\u0117\u201d is a long time Galley Group partner.<\/strong><strong>\u00a0Promotional campaigns, activation events and so on are lasting for several years now and joint projects have established a beautiful friendship.\u00a0We are happy to work hand in hand!<\/strong><\/p>\n","protected":false},"excerpt":{"rendered":"<p>\u201cVilky\u0161ki\u0173 pienin\u0117\u201d is a long time Galley Group partner.\u00a0Promotional campaigns, activation events and so on are lasting for several years now and joint projects have established a beautiful friendship.\u00a0We are happy to work hand in hand!<\/p>\n","protected":false},"author":1,"featured_media":435,"parent":1092,"menu_order":140,"comment_status":"closed","ping_status":"closed","template":"","meta":{"_acf_changed":false,"_monsterinsights_skip_tracking":false,"_monsterinsights_sitenote_active":false,"_monsterinsights_sitenote_note":"","_monsterinsights_sitenote_category":0,"footnotes":""},"class_list":["post-1134","page","type-page","status-publish","has-post-thumbnail","hentry"],"acf":[],"_links":{"self":[{"href":"https:\/\/galley.lt\/en\/wp-json\/wp\/v2\/pages\/1134","targetHints":{"allow":["GET"]}}],"collection":[{"href":"https:\/\/galley.lt\/en\/wp-json\/wp\/v2\/pages"}],"about":[{"href":"https:\/\/galley.lt\/en\/wp-json\/wp\/v2\/types\/page"}],"author":[{"embeddable":true,"href":"https:\/\/galley.lt\/en\/wp-json\/wp\/v2\/users\/1"}],"replies":[{"embeddable":true,"href":"https:\/\/galley.lt\/en\/wp-json\/wp\/v2\/comments?post=1134"}],"version-history":[{"count":4,"href":"https:\/\/galley.lt\/en\/wp-json\/wp\/v2\/pages\/1134\/revisions"}],"predecessor-version":[{"id":1216,"href":"https:\/\/galley.lt\/en\/wp-json\/wp\/v2\/pages\/1134\/revisions\/1216"}],"up":[{"embeddable":true,"href":"https:\/\/galley.lt\/en\/wp-json\/wp\/v2\/pages\/1092"}],"wp:featuredmedia":[{"embeddable":true,"href":"https:\/\/galley.lt\/en\/wp-json\/wp\/v2\/media\/435"}],"wp:attachment":[{"href":"https:\/\/galley.lt\/en\/wp-json\/wp\/v2\/media?parent=1134"}],"curies":[{"name":"wp","href":"https:\/\/api.w.org\/{rel}","templated":true}]}}